{"id":73,"date":"2022-11-14T21:21:48","date_gmt":"2022-11-14T20:21:48","guid":{"rendered":"https:\/\/badischsibirien.rotaract.de\/?page_id=73"},"modified":"2022-11-14T21:42:56","modified_gmt":"2022-11-14T20:42:56","slug":"unser-club-2","status":"publish","type":"page","link":"https:\/\/badischsibirien.rotaract.de\/","title":{"rendered":"Unser Club"},"content":{"rendered":"\n<p>Herzlich Willkommen beim Rotaract Club Badisch Sibirien.<\/p>\n\n\n\n<p>Unser Club ist eine bunte Mischung aus Studienr\u00fcckkehrern, Auszubildenden, Berufsanf\u00e4ngern und Studenten. Wir sind offen, lustig, immer bereit dort zu helfen, wo Hilfe ben\u00f6tigt wird und auch immer bereit, neue Leute kennenzulernen.<\/p>\n\n\n\n<figure class=\"gb-block-image gb-block-image-1efde000\"><img decoding=\"async\" width=\"1770\" height=\"1180\" class=\"gb-image gb-image-1efde000\" src=\"https:\/\/badischsibirien.rotaract.de\/wp-content\/uploads\/sites\/382\/2022\/11\/Bild_2022-11-14_214119837.png\" alt=\"\" title=\"Bild_2022-11-14_214119837\" srcset=\"https:\/\/badischsibirien.rotaract.de\/wp-content\/uploads\/sites\/382\/2022\/11\/Bild_2022-11-14_214119837.png 1770w, https:\/\/badischsibirien.rotaract.de\/wp-content\/uploads\/sites\/382\/2022\/11\/Bild_2022-11-14_214119837-300x200.png 300w, https:\/\/badischsibirien.rotaract.de\/wp-content\/uploads\/sites\/382\/2022\/11\/Bild_2022-11-14_214119837-1024x683.png 1024w, https:\/\/badischsibirien.rotaract.de\/wp-content\/uploads\/sites\/382\/2022\/11\/Bild_2022-11-14_214119837-768x512.png 768w, https:\/\/badischsibirien.rotaract.de\/wp-content\/uploads\/sites\/382\/2022\/11\/Bild_2022-11-14_214119837-1536x1024.png 1536w\" sizes=\"(max-width: 1770px) 100vw, 1770px\" \/><\/figure>\n\n\n\n<p><\/p>\n\n\n\n<h4 class=\"wp-block-heading\">Was wir machen<\/h4>\n\n\n\n<p>Gemeinsam gestalten wir unser Clubprogramm nach unserem Motto: LERNEN, HELFEN und FEIERN. Wir treffen uns alle 14 Tage donnerstags in Buchen, Mosbach, Osterburken und Umgebung (Badisch Sibirien).<\/p>\n\n\n\n<p>Wir organisieren Sozialaktionen f\u00fcr jung und alt \u2013 f\u00fcr Menschen jeder Herkunft und Religion. Ob Ferienlager f\u00fcr Kinder, Besuche im Seniorenheim oder Recycling- Aktionen auf Festivals\u2026 Du entscheidest mit, welche Projekte durchgef\u00fchrt werden. Wir treffen uns regelm\u00e4\u00dfig, kochen und feiern gemeinsam. Vortr\u00e4ge und Unternehmensbesichtigung geh\u00f6ren ebenso zu unserem abwechslungsreichen Clubprogramm. Durch unsere Interaktion mit anderen Rotaract Clubs vernetzen wir uns sowohl deutschlandweit als auch weltweit.<\/p>\n\n\n\n<h4 class=\"wp-block-heading\">Interesse?<\/h4>\n\n\n\n<p>Wir sind frisch gegr\u00fcndet und suchen neue Personen, die mit Ihren Ideen unseren Club bereichern und mit aufbauen. Keine Rotaract-Erfahrung? Kein Problem! Wir gestalten unsere Treffen individuell nach unseren Interessen, jeder bringt das ein was ihn interessiert.<\/p>\n\n\n\n<p>Interesse uns mal kennen zu lernen? Dann Schreib uns \u00fcber das&nbsp;<a href=\"https:\/\/badischsibirien.rotaract.de\/?page_id=58&amp;customize_changeset_uuid=1741ae8f-bf0b-4e63-a2b2-a4691a11d721&amp;customize_messenger_channel=preview-2\">Kontaktformular<\/a>&nbsp;oder Insta. Wir freuen uns auf dich.<\/p>\n\n\n\n\n\n\n\n\n\n\n\n\n","protected":false},"excerpt":{"rendered":"<p>Herzlich Willkommen beim Rotaract Club Badisch Sibirien. Unser Club ist eine bunte Mischung aus Studienr\u00fcckkehrern, Auszubildenden, Berufsanf\u00e4ngern und Studenten. Wir sind offen, lustig, immer bereit dort zu helfen, wo Hilfe ben\u00f6tigt wird und auch immer bereit, neue Leute kennenzulernen. Was wir machen Gemeinsam gestalten wir unser Clubprogramm nach unserem Motto: LERNEN, HELFEN und FEIERN. Wir &#8230; <a title=\"Unser Club\" class=\"read-more\" href=\"https:\/\/badischsibirien.rotaract.de\/\" aria-label=\"Mehr Informationen \u00fcber Unser Club\">Weiterlesen<\/a><\/p>\n","protected":false},"author":377,"featured_media":0,"parent":0,"menu_order":0,"comment_status":"closed","ping_status":"closed","template":"","meta":{"footnotes":""},"class_list":["post-73","page","type-page","status-publish"],"yoast_head":"<!-- This site is optimized with the Yoast SEO plugin v27.6 - https:\/\/yoast.com\/product\/yoast-seo-wordpress\/ -->\n<title>Unser Club - Badisch Sibirien<\/title>\n<meta name=\"robots\" content=\"index, follow, max-snippet:-1, max-image-preview:large, max-video-preview:-1\" \/>\n<link rel=\"canonical\" href=\"https:\/\/badischsibirien.rotaract.de\/\" \/>\n<meta property=\"og:locale\" content=\"de_DE\" \/>\n<meta property=\"og:type\" content=\"article\" \/>\n<meta property=\"og:title\" content=\"Unser Club - Badisch Sibirien\" \/>\n<meta property=\"og:description\" content=\"Herzlich Willkommen beim Rotaract Club Badisch Sibirien. Unser Club ist eine bunte Mischung aus Studienr\u00fcckkehrern, Auszubildenden, Berufsanf\u00e4ngern und Studenten. Wir sind offen, lustig, immer bereit dort zu helfen, wo Hilfe ben\u00f6tigt wird und auch immer bereit, neue Leute kennenzulernen. Was wir machen Gemeinsam gestalten wir unser Clubprogramm nach unserem Motto: LERNEN, HELFEN und FEIERN. Wir ... Weiterlesen\" \/>\n<meta property=\"og:url\" content=\"https:\/\/badischsibirien.rotaract.de\/\" \/>\n<meta property=\"og:site_name\" content=\"Badisch Sibirien\" \/>\n<meta property=\"article:modified_time\" content=\"2022-11-14T20:42:56+00:00\" \/>\n<meta property=\"og:image\" content=\"https:\/\/badischsibirien.rotaract.de\/wp-content\/uploads\/sites\/382\/2022\/11\/Bild_2022-11-14_214119837.png\" \/>\n<meta name=\"twitter:card\" content=\"summary_large_image\" \/>\n<meta name=\"twitter:label1\" content=\"Gesch\u00e4tzte Lesezeit\" \/>\n\t<meta name=\"twitter:data1\" content=\"1\u00a0Minute\" \/>\n<script type=\"application\/ld+json\" class=\"yoast-schema-graph\">{\"@context\":\"https:\\\/\\\/schema.org\",\"@graph\":[{\"@type\":\"WebPage\",\"@id\":\"https:\\\/\\\/badischsibirien.rotaract.de\\\/\",\"url\":\"https:\\\/\\\/badischsibirien.rotaract.de\\\/\",\"name\":\"Unser Club - Badisch Sibirien\",\"isPartOf\":{\"@id\":\"https:\\\/\\\/badischsibirien.rotaract.de\\\/#website\"},\"primaryImageOfPage\":{\"@id\":\"https:\\\/\\\/badischsibirien.rotaract.de\\\/#primaryimage\"},\"image\":{\"@id\":\"https:\\\/\\\/badischsibirien.rotaract.de\\\/#primaryimage\"},\"thumbnailUrl\":\"https:\\\/\\\/badischsibirien.rotaract.de\\\/wp-content\\\/uploads\\\/sites\\\/382\\\/2022\\\/11\\\/Bild_2022-11-14_214119837.png\",\"datePublished\":\"2022-11-14T20:21:48+00:00\",\"dateModified\":\"2022-11-14T20:42:56+00:00\",\"breadcrumb\":{\"@id\":\"https:\\\/\\\/badischsibirien.rotaract.de\\\/#breadcrumb\"},\"inLanguage\":\"de\",\"potentialAction\":[{\"@type\":\"ReadAction\",\"target\":[\"https:\\\/\\\/badischsibirien.rotaract.de\\\/\"]}]},{\"@type\":\"ImageObject\",\"inLanguage\":\"de\",\"@id\":\"https:\\\/\\\/badischsibirien.rotaract.de\\\/#primaryimage\",\"url\":\"https:\\\/\\\/badischsibirien.rotaract.de\\\/wp-content\\\/uploads\\\/sites\\\/382\\\/2022\\\/11\\\/Bild_2022-11-14_214119837.png\",\"contentUrl\":\"https:\\\/\\\/badischsibirien.rotaract.de\\\/wp-content\\\/uploads\\\/sites\\\/382\\\/2022\\\/11\\\/Bild_2022-11-14_214119837.png\"},{\"@type\":\"BreadcrumbList\",\"@id\":\"https:\\\/\\\/badischsibirien.rotaract.de\\\/#breadcrumb\",\"itemListElement\":[{\"@type\":\"ListItem\",\"position\":1,\"name\":\"Startseite\",\"item\":\"https:\\\/\\\/badischsibirien.rotaract.de\\\/\"},{\"@type\":\"ListItem\",\"position\":2,\"name\":\"Unser Club\"}]},{\"@type\":\"WebSite\",\"@id\":\"https:\\\/\\\/badischsibirien.rotaract.de\\\/#website\",\"url\":\"https:\\\/\\\/badischsibirien.rotaract.de\\\/\",\"name\":\"Badisch Sibirien\",\"description\":\"Distrikt 1860\",\"potentialAction\":[{\"@type\":\"SearchAction\",\"target\":{\"@type\":\"EntryPoint\",\"urlTemplate\":\"https:\\\/\\\/badischsibirien.rotaract.de\\\/?s={search_term_string}\"},\"query-input\":{\"@type\":\"PropertyValueSpecification\",\"valueRequired\":true,\"valueName\":\"search_term_string\"}}],\"inLanguage\":\"de\"}]}<\/script>\n<!-- \/ Yoast SEO plugin. -->","yoast_head_json":{"title":"Unser Club - Badisch Sibirien","robots":{"index":"index","follow":"follow","max-snippet":"max-snippet:-1","max-image-preview":"max-image-preview:large","max-video-preview":"max-video-preview:-1"},"canonical":"https:\/\/badischsibirien.rotaract.de\/","og_locale":"de_DE","og_type":"article","og_title":"Unser Club - Badisch Sibirien","og_description":"Herzlich Willkommen beim Rotaract Club Badisch Sibirien. Unser Club ist eine bunte Mischung aus Studienr\u00fcckkehrern, Auszubildenden, Berufsanf\u00e4ngern und Studenten. Wir sind offen, lustig, immer bereit dort zu helfen, wo Hilfe ben\u00f6tigt wird und auch immer bereit, neue Leute kennenzulernen. Was wir machen Gemeinsam gestalten wir unser Clubprogramm nach unserem Motto: LERNEN, HELFEN und FEIERN. Wir ... Weiterlesen","og_url":"https:\/\/badischsibirien.rotaract.de\/","og_site_name":"Badisch Sibirien","article_modified_time":"2022-11-14T20:42:56+00:00","og_image":[{"url":"https:\/\/badischsibirien.rotaract.de\/wp-content\/uploads\/sites\/382\/2022\/11\/Bild_2022-11-14_214119837.png","type":"","width":"","height":""}],"twitter_card":"summary_large_image","twitter_misc":{"Gesch\u00e4tzte Lesezeit":"1\u00a0Minute"},"schema":{"@context":"https:\/\/schema.org","@graph":[{"@type":"WebPage","@id":"https:\/\/badischsibirien.rotaract.de\/","url":"https:\/\/badischsibirien.rotaract.de\/","name":"Unser Club - Badisch Sibirien","isPartOf":{"@id":"https:\/\/badischsibirien.rotaract.de\/#website"},"primaryImageOfPage":{"@id":"https:\/\/badischsibirien.rotaract.de\/#primaryimage"},"image":{"@id":"https:\/\/badischsibirien.rotaract.de\/#primaryimage"},"thumbnailUrl":"https:\/\/badischsibirien.rotaract.de\/wp-content\/uploads\/sites\/382\/2022\/11\/Bild_2022-11-14_214119837.png","datePublished":"2022-11-14T20:21:48+00:00","dateModified":"2022-11-14T20:42:56+00:00","breadcrumb":{"@id":"https:\/\/badischsibirien.rotaract.de\/#breadcrumb"},"inLanguage":"de","potentialAction":[{"@type":"ReadAction","target":["https:\/\/badischsibirien.rotaract.de\/"]}]},{"@type":"ImageObject","inLanguage":"de","@id":"https:\/\/badischsibirien.rotaract.de\/#primaryimage","url":"https:\/\/badischsibirien.rotaract.de\/wp-content\/uploads\/sites\/382\/2022\/11\/Bild_2022-11-14_214119837.png","contentUrl":"https:\/\/badischsibirien.rotaract.de\/wp-content\/uploads\/sites\/382\/2022\/11\/Bild_2022-11-14_214119837.png"},{"@type":"BreadcrumbList","@id":"https:\/\/badischsibirien.rotaract.de\/#breadcrumb","itemListElement":[{"@type":"ListItem","position":1,"name":"Startseite","item":"https:\/\/badischsibirien.rotaract.de\/"},{"@type":"ListItem","position":2,"name":"Unser Club"}]},{"@type":"WebSite","@id":"https:\/\/badischsibirien.rotaract.de\/#website","url":"https:\/\/badischsibirien.rotaract.de\/","name":"Badisch Sibirien","description":"Distrikt 1860","potentialAction":[{"@type":"SearchAction","target":{"@type":"EntryPoint","urlTemplate":"https:\/\/badischsibirien.rotaract.de\/?s={search_term_string}"},"query-input":{"@type":"PropertyValueSpecification","valueRequired":true,"valueName":"search_term_string"}}],"inLanguage":"de"}]}},"_links":{"self":[{"href":"https:\/\/badischsibirien.rotaract.de\/index.php?rest_route=\/wp\/v2\/pages\/73","targetHints":{"allow":["GET"]}}],"collection":[{"href":"https:\/\/badischsibirien.rotaract.de\/index.php?rest_route=\/wp\/v2\/pages"}],"about":[{"href":"https:\/\/badischsibirien.rotaract.de\/index.php?rest_route=\/wp\/v2\/types\/page"}],"author":[{"embeddable":true,"href":"https:\/\/badischsibirien.rotaract.de\/index.php?rest_route=\/wp\/v2\/users\/377"}],"replies":[{"embeddable":true,"href":"https:\/\/badischsibirien.rotaract.de\/index.php?rest_route=%2Fwp%2Fv2%2Fcomments&post=73"}],"version-history":[{"count":0,"href":"https:\/\/badischsibirien.rotaract.de\/index.php?rest_route=\/wp\/v2\/pages\/73\/revisions"}],"wp:attachment":[{"href":"https:\/\/badischsibirien.rotaract.de\/index.php?rest_route=%2Fwp%2Fv2%2Fmedia&parent=73"}],"curies":[{"name":"wp","href":"https:\/\/api.w.org\/{rel}","templated":true}]}}