{"id":27,"date":"2022-11-14T22:12:38","date_gmt":"2022-11-14T21:12:38","guid":{"rendered":"https:\/\/badischsibirien.rotaract.de\/?page_id=27"},"modified":"2022-11-14T23:01:56","modified_gmt":"2022-11-14T22:01:56","slug":"unser-motto","status":"publish","type":"page","link":"https:\/\/badischsibirien.rotaract.de\/?page_id=27","title":{"rendered":"Unser Motto"},"content":{"rendered":"\n<p>LERNEN. HELFEN. FEIERN.<\/p>\n\n\n\n<p><\/p>\n\n\n\n<h4 class=\"wp-block-heading\">LERNEN<\/h4>\n\n\n\n<p>Das aktive Lernen spielt bei Rotaract eine gro\u00dfe Rolle. Lernen bedeutet sich weiterbilden, seinen Horizont erweitern und \u00fcber den allt\u00e4glichen Tellerrand hinaus- blicken. Ob au\u00dfergew\u00f6hnliche Berufe und Hobbys, Reisen, Kunst und Kultur oder gesellschaftspolitische Themen \u2013 es ist f\u00fcr jeden etwas Interessantes dabei.<\/p>\n\n\n\n<figure class=\"wp-block-video\"><video height=\"1080\" style=\"aspect-ratio: 1920 \/ 1080;\" width=\"1920\" controls src=\"https:\/\/badischsibirien.rotaract.de\/wp-content\/uploads\/sites\/382\/2022\/11\/Rotaract-Imageclip-Lernen-video-converter.com_-1.mov\"><\/video><\/figure>\n\n\n\n<p><\/p>\n\n\n\n<h4 class=\"wp-block-heading\">HELFEN<\/h4>\n\n\n\n<p>Das beginnt im allt\u00e4glichen Leben bei jedem Menschen, aber auch als Club wollen wir gemeinsam andere unterst\u00fctzen. Ob in unserer Nachbarschaft, deutschlandweit oder international \u2013 es gibt genug zu tun. <\/p>\n\n\n\n<figure class=\"wp-block-video\"><video height=\"1080\" style=\"aspect-ratio: 1920 \/ 1080;\" width=\"1920\" controls src=\"https:\/\/badischsibirien.rotaract.de\/wp-content\/uploads\/sites\/382\/2022\/11\/Rotaract-Imageclip-Helfen-video-converter.com_.mov\"><\/video><\/figure>\n\n\n\n<p><\/p>\n\n\n\n<h4 class=\"wp-block-heading\">FEIERN<\/h4>\n\n\n\n<p>Rotaract&nbsp; macht Spa\u00df. Bei gemeinsamen Veranstaltungen, Partys und Reisen ergeben sich vielf\u00e4ltige M\u00f6glichkeiten mit den unterschiedlichsten Menschen ins Gespr\u00e4ch zu kommen. Mein lernt einander kennen und sch\u00e4tzen. Aus Fremde werden Freunde und h\u00e4ufig f\u00fcr das ganze Leben. Egal wo man auf der Welt gerade ist, irgendwo ist immer was los und Rotaracter sind in der N\u00e4he. Man ist stets ein willkommener Gast.<\/p>\n\n\n\n<figure class=\"wp-block-video\"><video height=\"1080\" style=\"aspect-ratio: 1920 \/ 1080;\" width=\"1920\" controls src=\"https:\/\/badischsibirien.rotaract.de\/wp-content\/uploads\/sites\/382\/2022\/11\/Rotaract-Imageclip-Feiern-video-converter.com_.mov\"><\/video><\/figure>\n","protected":false},"excerpt":{"rendered":"<p>LERNEN. HELFEN. FEIERN. LERNEN Das aktive Lernen spielt bei Rotaract eine gro\u00dfe Rolle. Lernen bedeutet sich weiterbilden, seinen Horizont erweitern und \u00fcber den allt\u00e4glichen Tellerrand hinaus- blicken. Ob au\u00dfergew\u00f6hnliche Berufe und Hobbys, Reisen, Kunst und Kultur oder gesellschaftspolitische Themen \u2013 es ist f\u00fcr jeden etwas Interessantes dabei. HELFEN Das beginnt im allt\u00e4glichen Leben bei jedem &#8230; <a title=\"Unser Motto\" class=\"read-more\" href=\"https:\/\/badischsibirien.rotaract.de\/?page_id=27\" aria-label=\"Mehr Informationen \u00fcber Unser Motto\">Weiterlesen<\/a><\/p>\n","protected":false},"author":377,"featured_media":0,"parent":0,"menu_order":0,"comment_status":"closed","ping_status":"closed","template":"","meta":{"footnotes":""},"class_list":["post-27","page","type-page","status-publish"],"yoast_head":"<!-- This site is optimized with the Yoast SEO plugin v27.6 - https:\/\/yoast.com\/product\/yoast-seo-wordpress\/ -->\n<title>Unser Motto - Badisch Sibirien<\/title>\n<meta name=\"robots\" content=\"index, follow, max-snippet:-1, max-image-preview:large, max-video-preview:-1\" \/>\n<link rel=\"canonical\" href=\"https:\/\/badischsibirien.rotaract.de\/?page_id=27\" \/>\n<meta property=\"og:locale\" content=\"de_DE\" \/>\n<meta property=\"og:type\" content=\"article\" \/>\n<meta property=\"og:title\" content=\"Unser Motto - Badisch Sibirien\" \/>\n<meta property=\"og:description\" content=\"LERNEN. HELFEN. FEIERN. LERNEN Das aktive Lernen spielt bei Rotaract eine gro\u00dfe Rolle. Lernen bedeutet sich weiterbilden, seinen Horizont erweitern und \u00fcber den allt\u00e4glichen Tellerrand hinaus- blicken. Ob au\u00dfergew\u00f6hnliche Berufe und Hobbys, Reisen, Kunst und Kultur oder gesellschaftspolitische Themen \u2013 es ist f\u00fcr jeden etwas Interessantes dabei. HELFEN Das beginnt im allt\u00e4glichen Leben bei jedem ... Weiterlesen\" \/>\n<meta property=\"og:url\" content=\"https:\/\/badischsibirien.rotaract.de\/?page_id=27\" \/>\n<meta property=\"og:site_name\" content=\"Badisch Sibirien\" \/>\n<meta property=\"article:modified_time\" content=\"2022-11-14T22:01:56+00:00\" \/>\n<meta name=\"twitter:card\" content=\"summary_large_image\" \/>\n<meta name=\"twitter:label1\" content=\"Gesch\u00e4tzte Lesezeit\" \/>\n\t<meta name=\"twitter:data1\" content=\"1\u00a0Minute\" \/>\n<script type=\"application\/ld+json\" class=\"yoast-schema-graph\">{\"@context\":\"https:\\\/\\\/schema.org\",\"@graph\":[{\"@type\":\"WebPage\",\"@id\":\"https:\\\/\\\/badischsibirien.rotaract.de\\\/?page_id=27\",\"url\":\"https:\\\/\\\/badischsibirien.rotaract.de\\\/?page_id=27\",\"name\":\"Unser Motto - Badisch Sibirien\",\"isPartOf\":{\"@id\":\"https:\\\/\\\/badischsibirien.rotaract.de\\\/#website\"},\"datePublished\":\"2022-11-14T21:12:38+00:00\",\"dateModified\":\"2022-11-14T22:01:56+00:00\",\"breadcrumb\":{\"@id\":\"https:\\\/\\\/badischsibirien.rotaract.de\\\/?page_id=27#breadcrumb\"},\"inLanguage\":\"de\",\"potentialAction\":[{\"@type\":\"ReadAction\",\"target\":[\"https:\\\/\\\/badischsibirien.rotaract.de\\\/?page_id=27\"]}]},{\"@type\":\"BreadcrumbList\",\"@id\":\"https:\\\/\\\/badischsibirien.rotaract.de\\\/?page_id=27#breadcrumb\",\"itemListElement\":[{\"@type\":\"ListItem\",\"position\":1,\"name\":\"Startseite\",\"item\":\"https:\\\/\\\/badischsibirien.rotaract.de\\\/\"},{\"@type\":\"ListItem\",\"position\":2,\"name\":\"Unser Motto\"}]},{\"@type\":\"WebSite\",\"@id\":\"https:\\\/\\\/badischsibirien.rotaract.de\\\/#website\",\"url\":\"https:\\\/\\\/badischsibirien.rotaract.de\\\/\",\"name\":\"Badisch Sibirien\",\"description\":\"Distrikt 1860\",\"potentialAction\":[{\"@type\":\"SearchAction\",\"target\":{\"@type\":\"EntryPoint\",\"urlTemplate\":\"https:\\\/\\\/badischsibirien.rotaract.de\\\/?s={search_term_string}\"},\"query-input\":{\"@type\":\"PropertyValueSpecification\",\"valueRequired\":true,\"valueName\":\"search_term_string\"}}],\"inLanguage\":\"de\"}]}<\/script>\n<!-- \/ Yoast SEO plugin. -->","yoast_head_json":{"title":"Unser Motto - Badisch Sibirien","robots":{"index":"index","follow":"follow","max-snippet":"max-snippet:-1","max-image-preview":"max-image-preview:large","max-video-preview":"max-video-preview:-1"},"canonical":"https:\/\/badischsibirien.rotaract.de\/?page_id=27","og_locale":"de_DE","og_type":"article","og_title":"Unser Motto - Badisch Sibirien","og_description":"LERNEN. HELFEN. FEIERN. LERNEN Das aktive Lernen spielt bei Rotaract eine gro\u00dfe Rolle. Lernen bedeutet sich weiterbilden, seinen Horizont erweitern und \u00fcber den allt\u00e4glichen Tellerrand hinaus- blicken. Ob au\u00dfergew\u00f6hnliche Berufe und Hobbys, Reisen, Kunst und Kultur oder gesellschaftspolitische Themen \u2013 es ist f\u00fcr jeden etwas Interessantes dabei. HELFEN Das beginnt im allt\u00e4glichen Leben bei jedem ... Weiterlesen","og_url":"https:\/\/badischsibirien.rotaract.de\/?page_id=27","og_site_name":"Badisch Sibirien","article_modified_time":"2022-11-14T22:01:56+00:00","twitter_card":"summary_large_image","twitter_misc":{"Gesch\u00e4tzte Lesezeit":"1\u00a0Minute"},"schema":{"@context":"https:\/\/schema.org","@graph":[{"@type":"WebPage","@id":"https:\/\/badischsibirien.rotaract.de\/?page_id=27","url":"https:\/\/badischsibirien.rotaract.de\/?page_id=27","name":"Unser Motto - Badisch Sibirien","isPartOf":{"@id":"https:\/\/badischsibirien.rotaract.de\/#website"},"datePublished":"2022-11-14T21:12:38+00:00","dateModified":"2022-11-14T22:01:56+00:00","breadcrumb":{"@id":"https:\/\/badischsibirien.rotaract.de\/?page_id=27#breadcrumb"},"inLanguage":"de","potentialAction":[{"@type":"ReadAction","target":["https:\/\/badischsibirien.rotaract.de\/?page_id=27"]}]},{"@type":"BreadcrumbList","@id":"https:\/\/badischsibirien.rotaract.de\/?page_id=27#breadcrumb","itemListElement":[{"@type":"ListItem","position":1,"name":"Startseite","item":"https:\/\/badischsibirien.rotaract.de\/"},{"@type":"ListItem","position":2,"name":"Unser Motto"}]},{"@type":"WebSite","@id":"https:\/\/badischsibirien.rotaract.de\/#website","url":"https:\/\/badischsibirien.rotaract.de\/","name":"Badisch Sibirien","description":"Distrikt 1860","potentialAction":[{"@type":"SearchAction","target":{"@type":"EntryPoint","urlTemplate":"https:\/\/badischsibirien.rotaract.de\/?s={search_term_string}"},"query-input":{"@type":"PropertyValueSpecification","valueRequired":true,"valueName":"search_term_string"}}],"inLanguage":"de"}]}},"_links":{"self":[{"href":"https:\/\/badischsibirien.rotaract.de\/index.php?rest_route=\/wp\/v2\/pages\/27","targetHints":{"allow":["GET"]}}],"collection":[{"href":"https:\/\/badischsibirien.rotaract.de\/index.php?rest_route=\/wp\/v2\/pages"}],"about":[{"href":"https:\/\/badischsibirien.rotaract.de\/index.php?rest_route=\/wp\/v2\/types\/page"}],"author":[{"embeddable":true,"href":"https:\/\/badischsibirien.rotaract.de\/index.php?rest_route=\/wp\/v2\/users\/377"}],"replies":[{"embeddable":true,"href":"https:\/\/badischsibirien.rotaract.de\/index.php?rest_route=%2Fwp%2Fv2%2Fcomments&post=27"}],"version-history":[{"count":0,"href":"https:\/\/badischsibirien.rotaract.de\/index.php?rest_route=\/wp\/v2\/pages\/27\/revisions"}],"wp:attachment":[{"href":"https:\/\/badischsibirien.rotaract.de\/index.php?rest_route=%2Fwp%2Fv2%2Fmedia&parent=27"}],"curies":[{"name":"wp","href":"https:\/\/api.w.org\/{rel}","templated":true}]}}