{"id":2,"date":"2022-11-12T11:08:45","date_gmt":"2022-11-12T10:08:45","guid":{"rendered":"http:\/\/badischsibirien.hosting.rotaract.de\/?page_id=2"},"modified":"2022-11-14T22:30:36","modified_gmt":"2022-11-14T21:30:36","slug":"beispiel-seite","status":"publish","type":"page","link":"https:\/\/badischsibirien.rotaract.de\/?page_id=2","title":{"rendered":"Rotar&#8230;what?"},"content":{"rendered":"\n<figure class=\"gb-block-image gb-block-image-f94cab37\"><img decoding=\"async\" width=\"1024\" height=\"683\" class=\"gb-image gb-image-f94cab37\" src=\"https:\/\/badischsibirien.rotaract.de\/wp-content\/uploads\/sites\/382\/2022\/11\/Bild_2022-11-14_222928738.png\" alt=\"\" title=\"Bild_2022-11-14_222928738\" srcset=\"https:\/\/badischsibirien.rotaract.de\/wp-content\/uploads\/sites\/382\/2022\/11\/Bild_2022-11-14_222928738.png 1024w, https:\/\/badischsibirien.rotaract.de\/wp-content\/uploads\/sites\/382\/2022\/11\/Bild_2022-11-14_222928738-300x200.png 300w, https:\/\/badischsibirien.rotaract.de\/wp-content\/uploads\/sites\/382\/2022\/11\/Bild_2022-11-14_222928738-768x512.png 768w\" sizes=\"(max-width: 1024px) 100vw, 1024px\" \/><\/figure>\n\n\n\n<p><\/p>\n\n\n\n<p>Rotaract ist mit ca. 200.000 Rotaract-Mitgliedern in 11.000 Clubs in 180 L\u00e4ndern eine der gr\u00f6\u00dften Jugendorganisationen der Welt. <\/p>\n\n\n\n<p>Wir setzen uns zusammen mit \u00fcber 190 weiteren Rotaract Clubs in ganz Deutschland f\u00fcr andere ein und tragen durch Freundschaft, Fairness und Toleranz zur internationalen Verst\u00e4ndigung bei. Dies geschieht durch Beteiligung an Projekten und Aktionen zur Unterst\u00fctzung sozialer Zwecke. Rotaract ist weder politisch noch religi\u00f6s ausgerichtet. &nbsp;<\/p>\n\n\n\n<p>Der Name Rotaract setzt sich zusammen aus den Worten \u201eRotary\u201c und \u201eAction\u201c und steht f\u00fcr \u201eJugend in Aktion\u201c \u2013 Aktion im Sinne der rotarischen Idee. Wir sind eine, von einem Rotary Club gef\u00f6rderte und betreute, dennoch unabh\u00e4ngige und selbstst\u00e4ndige Gemeinschaft junger Leute.<\/p>\n\n\n\n<p>Kurz gesagt: Wir sind ein bunter Haufen junger Erwachsener, die Bock haben gemeinsam etwas zu bewegen.<\/p>\n\n\n\n<p><\/p>\n\n\n\n<p><\/p>\n\n\n\n<h2 class=\"wp-block-heading\">Rotaract!<\/h2>\n\n\n\n<p><strong>Das macht Rotaract f\u00fcr uns aus:<\/strong><\/p>\n\n\n\n<h4 class=\"wp-block-heading\">Rotaract erweitert den Horizont.<\/h4>\n\n\n\n<p>Wir lernen aktiv, in Workshops, Vortr\u00e4gen und Begegnungen. Lernen bedeutet sich weiterbilden, seinen Horizont erweitern und \u00fcber den allt\u00e4glichen Tellerrand hinausblicken.<\/p>\n\n\n\n<h4 class=\"wp-block-heading\">Rotaract hilft.<\/h4>\n\n\n\n<p>Gemeinsam planen und f\u00fchren wir Sozialaktionen durch. In der&nbsp;Nachbarschaft, deutschlandweit oder international \u2013 es gibt viel zu tun.<\/p>\n\n\n\n<h4 class=\"wp-block-heading\">Rotaract macht Spa\u00df.<\/h4>\n\n\n\n<p>Bei gemeinsamen Veranstaltungen, Partys und Reisen ergeben sich vielf\u00e4ltige M\u00f6glichkeiten mit den unterschiedlichsten Menschen ins Gespr\u00e4ch zu kommen. Aus Fremde werden Freunde.<\/p>\n\n\n\n<h4 class=\"wp-block-heading\">Rotaract ist international.<\/h4>\n\n\n\n<p>Egal wo man auf der Welt gerade ist, irgendwo ist immer was los und Rotaracter sind in der N\u00e4he. Wir sind nicht nur regional sondern auch international mit Rotaract Clubs vernetzt.&nbsp;<\/p>\n\n\n\n<h4 class=\"wp-block-heading\">Rotaract ist offen.<\/h4>\n\n\n\n<p>Jeder, der sich einbringt und sich engagieren m\u00f6chte ist willkommen. Mitglied kann jede junge Frau und jeder junge Mann ab 18 Jahren werden. Einzige Bedingung ist, dass ihr engagiert seid und zu uns passt. <\/p>\n\n\n\n<p><\/p>\n","protected":false},"excerpt":{"rendered":"<p>Rotaract ist mit ca. 200.000 Rotaract-Mitgliedern in 11.000 Clubs in 180 L\u00e4ndern eine der gr\u00f6\u00dften Jugendorganisationen der Welt. Wir setzen uns zusammen mit \u00fcber 190 weiteren Rotaract Clubs in ganz Deutschland f\u00fcr andere ein und tragen durch Freundschaft, Fairness und Toleranz zur internationalen Verst\u00e4ndigung bei. Dies geschieht durch Beteiligung an Projekten und Aktionen zur Unterst\u00fctzung &#8230; <a title=\"Rotar&#8230;what?\" class=\"read-more\" href=\"https:\/\/badischsibirien.rotaract.de\/?page_id=2\" aria-label=\"Mehr Informationen \u00fcber Rotar&#8230;what?\">Weiterlesen<\/a><\/p>\n","protected":false},"author":377,"featured_media":0,"parent":0,"menu_order":0,"comment_status":"closed","ping_status":"open","template":"","meta":{"footnotes":""},"class_list":["post-2","page","type-page","status-publish"],"yoast_head":"<!-- This site is optimized with the Yoast SEO plugin v27.6 - https:\/\/yoast.com\/product\/yoast-seo-wordpress\/ -->\n<title>Rotar...what? - Badisch Sibirien<\/title>\n<meta name=\"robots\" content=\"index, follow, max-snippet:-1, max-image-preview:large, max-video-preview:-1\" \/>\n<link rel=\"canonical\" href=\"https:\/\/badischsibirien.rotaract.de\/?page_id=2\" \/>\n<meta property=\"og:locale\" content=\"de_DE\" \/>\n<meta property=\"og:type\" content=\"article\" \/>\n<meta property=\"og:title\" content=\"Rotar...what? - Badisch Sibirien\" \/>\n<meta property=\"og:description\" content=\"Rotaract ist mit ca. 200.000 Rotaract-Mitgliedern in 11.000 Clubs in 180 L\u00e4ndern eine der gr\u00f6\u00dften Jugendorganisationen der Welt. Wir setzen uns zusammen mit \u00fcber 190 weiteren Rotaract Clubs in ganz Deutschland f\u00fcr andere ein und tragen durch Freundschaft, Fairness und Toleranz zur internationalen Verst\u00e4ndigung bei. Dies geschieht durch Beteiligung an Projekten und Aktionen zur Unterst\u00fctzung ... Weiterlesen\" \/>\n<meta property=\"og:url\" content=\"https:\/\/badischsibirien.rotaract.de\/?page_id=2\" \/>\n<meta property=\"og:site_name\" content=\"Badisch Sibirien\" \/>\n<meta property=\"article:modified_time\" content=\"2022-11-14T21:30:36+00:00\" \/>\n<meta property=\"og:image\" content=\"https:\/\/badischsibirien.rotaract.de\/wp-content\/uploads\/sites\/382\/2022\/11\/Bild_2022-11-14_222928738.png\" \/>\n<meta name=\"twitter:card\" content=\"summary_large_image\" \/>\n<meta name=\"twitter:label1\" content=\"Gesch\u00e4tzte Lesezeit\" \/>\n\t<meta name=\"twitter:data1\" content=\"1\u00a0Minute\" \/>\n<script type=\"application\/ld+json\" class=\"yoast-schema-graph\">{\"@context\":\"https:\\\/\\\/schema.org\",\"@graph\":[{\"@type\":\"WebPage\",\"@id\":\"https:\\\/\\\/badischsibirien.rotaract.de\\\/?page_id=2\",\"url\":\"https:\\\/\\\/badischsibirien.rotaract.de\\\/?page_id=2\",\"name\":\"Rotar...what? - Badisch Sibirien\",\"isPartOf\":{\"@id\":\"https:\\\/\\\/badischsibirien.rotaract.de\\\/#website\"},\"primaryImageOfPage\":{\"@id\":\"https:\\\/\\\/badischsibirien.rotaract.de\\\/?page_id=2#primaryimage\"},\"image\":{\"@id\":\"https:\\\/\\\/badischsibirien.rotaract.de\\\/?page_id=2#primaryimage\"},\"thumbnailUrl\":\"https:\\\/\\\/badischsibirien.rotaract.de\\\/wp-content\\\/uploads\\\/sites\\\/382\\\/2022\\\/11\\\/Bild_2022-11-14_222928738.png\",\"datePublished\":\"2022-11-12T10:08:45+00:00\",\"dateModified\":\"2022-11-14T21:30:36+00:00\",\"breadcrumb\":{\"@id\":\"https:\\\/\\\/badischsibirien.rotaract.de\\\/?page_id=2#breadcrumb\"},\"inLanguage\":\"de\",\"potentialAction\":[{\"@type\":\"ReadAction\",\"target\":[\"https:\\\/\\\/badischsibirien.rotaract.de\\\/?page_id=2\"]}]},{\"@type\":\"ImageObject\",\"inLanguage\":\"de\",\"@id\":\"https:\\\/\\\/badischsibirien.rotaract.de\\\/?page_id=2#primaryimage\",\"url\":\"https:\\\/\\\/badischsibirien.rotaract.de\\\/wp-content\\\/uploads\\\/sites\\\/382\\\/2022\\\/11\\\/Bild_2022-11-14_222928738.png\",\"contentUrl\":\"https:\\\/\\\/badischsibirien.rotaract.de\\\/wp-content\\\/uploads\\\/sites\\\/382\\\/2022\\\/11\\\/Bild_2022-11-14_222928738.png\"},{\"@type\":\"BreadcrumbList\",\"@id\":\"https:\\\/\\\/badischsibirien.rotaract.de\\\/?page_id=2#breadcrumb\",\"itemListElement\":[{\"@type\":\"ListItem\",\"position\":1,\"name\":\"Startseite\",\"item\":\"https:\\\/\\\/badischsibirien.rotaract.de\\\/\"},{\"@type\":\"ListItem\",\"position\":2,\"name\":\"Rotar&#8230;what?\"}]},{\"@type\":\"WebSite\",\"@id\":\"https:\\\/\\\/badischsibirien.rotaract.de\\\/#website\",\"url\":\"https:\\\/\\\/badischsibirien.rotaract.de\\\/\",\"name\":\"Badisch Sibirien\",\"description\":\"Distrikt 1860\",\"potentialAction\":[{\"@type\":\"SearchAction\",\"target\":{\"@type\":\"EntryPoint\",\"urlTemplate\":\"https:\\\/\\\/badischsibirien.rotaract.de\\\/?s={search_term_string}\"},\"query-input\":{\"@type\":\"PropertyValueSpecification\",\"valueRequired\":true,\"valueName\":\"search_term_string\"}}],\"inLanguage\":\"de\"}]}<\/script>\n<!-- \/ Yoast SEO plugin. -->","yoast_head_json":{"title":"Rotar...what? - Badisch Sibirien","robots":{"index":"index","follow":"follow","max-snippet":"max-snippet:-1","max-image-preview":"max-image-preview:large","max-video-preview":"max-video-preview:-1"},"canonical":"https:\/\/badischsibirien.rotaract.de\/?page_id=2","og_locale":"de_DE","og_type":"article","og_title":"Rotar...what? - Badisch Sibirien","og_description":"Rotaract ist mit ca. 200.000 Rotaract-Mitgliedern in 11.000 Clubs in 180 L\u00e4ndern eine der gr\u00f6\u00dften Jugendorganisationen der Welt. Wir setzen uns zusammen mit \u00fcber 190 weiteren Rotaract Clubs in ganz Deutschland f\u00fcr andere ein und tragen durch Freundschaft, Fairness und Toleranz zur internationalen Verst\u00e4ndigung bei. Dies geschieht durch Beteiligung an Projekten und Aktionen zur Unterst\u00fctzung ... Weiterlesen","og_url":"https:\/\/badischsibirien.rotaract.de\/?page_id=2","og_site_name":"Badisch Sibirien","article_modified_time":"2022-11-14T21:30:36+00:00","og_image":[{"url":"https:\/\/badischsibirien.rotaract.de\/wp-content\/uploads\/sites\/382\/2022\/11\/Bild_2022-11-14_222928738.png","type":"","width":"","height":""}],"twitter_card":"summary_large_image","twitter_misc":{"Gesch\u00e4tzte Lesezeit":"1\u00a0Minute"},"schema":{"@context":"https:\/\/schema.org","@graph":[{"@type":"WebPage","@id":"https:\/\/badischsibirien.rotaract.de\/?page_id=2","url":"https:\/\/badischsibirien.rotaract.de\/?page_id=2","name":"Rotar...what? - Badisch Sibirien","isPartOf":{"@id":"https:\/\/badischsibirien.rotaract.de\/#website"},"primaryImageOfPage":{"@id":"https:\/\/badischsibirien.rotaract.de\/?page_id=2#primaryimage"},"image":{"@id":"https:\/\/badischsibirien.rotaract.de\/?page_id=2#primaryimage"},"thumbnailUrl":"https:\/\/badischsibirien.rotaract.de\/wp-content\/uploads\/sites\/382\/2022\/11\/Bild_2022-11-14_222928738.png","datePublished":"2022-11-12T10:08:45+00:00","dateModified":"2022-11-14T21:30:36+00:00","breadcrumb":{"@id":"https:\/\/badischsibirien.rotaract.de\/?page_id=2#breadcrumb"},"inLanguage":"de","potentialAction":[{"@type":"ReadAction","target":["https:\/\/badischsibirien.rotaract.de\/?page_id=2"]}]},{"@type":"ImageObject","inLanguage":"de","@id":"https:\/\/badischsibirien.rotaract.de\/?page_id=2#primaryimage","url":"https:\/\/badischsibirien.rotaract.de\/wp-content\/uploads\/sites\/382\/2022\/11\/Bild_2022-11-14_222928738.png","contentUrl":"https:\/\/badischsibirien.rotaract.de\/wp-content\/uploads\/sites\/382\/2022\/11\/Bild_2022-11-14_222928738.png"},{"@type":"BreadcrumbList","@id":"https:\/\/badischsibirien.rotaract.de\/?page_id=2#breadcrumb","itemListElement":[{"@type":"ListItem","position":1,"name":"Startseite","item":"https:\/\/badischsibirien.rotaract.de\/"},{"@type":"ListItem","position":2,"name":"Rotar&#8230;what?"}]},{"@type":"WebSite","@id":"https:\/\/badischsibirien.rotaract.de\/#website","url":"https:\/\/badischsibirien.rotaract.de\/","name":"Badisch Sibirien","description":"Distrikt 1860","potentialAction":[{"@type":"SearchAction","target":{"@type":"EntryPoint","urlTemplate":"https:\/\/badischsibirien.rotaract.de\/?s={search_term_string}"},"query-input":{"@type":"PropertyValueSpecification","valueRequired":true,"valueName":"search_term_string"}}],"inLanguage":"de"}]}},"_links":{"self":[{"href":"https:\/\/badischsibirien.rotaract.de\/index.php?rest_route=\/wp\/v2\/pages\/2","targetHints":{"allow":["GET"]}}],"collection":[{"href":"https:\/\/badischsibirien.rotaract.de\/index.php?rest_route=\/wp\/v2\/pages"}],"about":[{"href":"https:\/\/badischsibirien.rotaract.de\/index.php?rest_route=\/wp\/v2\/types\/page"}],"author":[{"embeddable":true,"href":"https:\/\/badischsibirien.rotaract.de\/index.php?rest_route=\/wp\/v2\/users\/377"}],"replies":[{"embeddable":true,"href":"https:\/\/badischsibirien.rotaract.de\/index.php?rest_route=%2Fwp%2Fv2%2Fcomments&post=2"}],"version-history":[{"count":0,"href":"https:\/\/badischsibirien.rotaract.de\/index.php?rest_route=\/wp\/v2\/pages\/2\/revisions"}],"wp:attachment":[{"href":"https:\/\/badischsibirien.rotaract.de\/index.php?rest_route=%2Fwp%2Fv2%2Fmedia&parent=2"}],"curies":[{"name":"wp","href":"https:\/\/api.w.org\/{rel}","templated":true}]}}