{"id":19,"date":"2022-11-13T23:11:00","date_gmt":"2022-11-13T22:11:00","guid":{"rendered":"https:\/\/badischsibirien.rotaract.de\/?page_id=19"},"modified":"2022-11-14T22:28:40","modified_gmt":"2022-11-14T21:28:40","slug":"mitgliedschaft","status":"publish","type":"page","link":"https:\/\/badischsibirien.rotaract.de\/?page_id=19","title":{"rendered":"Mitgliedschaft"},"content":{"rendered":"\n<p><\/p>\n\n\n\n<figure class=\"gb-block-image gb-block-image-42868c7d\"><img decoding=\"async\" width=\"1770\" height=\"1180\" class=\"gb-image gb-image-42868c7d\" src=\"https:\/\/badischsibirien.rotaract.de\/wp-content\/uploads\/sites\/382\/2022\/11\/Bild_2022-11-14_222736797.png\" alt=\"\" title=\"Bild_2022-11-14_222736797\" srcset=\"https:\/\/badischsibirien.rotaract.de\/wp-content\/uploads\/sites\/382\/2022\/11\/Bild_2022-11-14_222736797.png 1770w, https:\/\/badischsibirien.rotaract.de\/wp-content\/uploads\/sites\/382\/2022\/11\/Bild_2022-11-14_222736797-300x200.png 300w, https:\/\/badischsibirien.rotaract.de\/wp-content\/uploads\/sites\/382\/2022\/11\/Bild_2022-11-14_222736797-1024x683.png 1024w, https:\/\/badischsibirien.rotaract.de\/wp-content\/uploads\/sites\/382\/2022\/11\/Bild_2022-11-14_222736797-768x512.png 768w, https:\/\/badischsibirien.rotaract.de\/wp-content\/uploads\/sites\/382\/2022\/11\/Bild_2022-11-14_222736797-1536x1024.png 1536w\" sizes=\"(max-width: 1770px) 100vw, 1770px\" \/><\/figure>\n\n\n\n<p><\/p>\n\n\n\n<h4 class=\"wp-block-heading\"><strong>Wie kann ich Mitglied werden?<\/strong><\/h4>\n\n\n\n<p>Du m\u00f6chtest bestimmt wissen, wie eine Aufnahme bei Rotaract genau funktioniert und was Du bei uns erwarten kannst. Wir versuchen hier die h\u00e4ufigsten Fragen rund um eine Mitgliedschaft in unserem Club zu beantworten. Solltest Du weitere Fragen haben,&nbsp;schreib uns eine Nachricht und wir helfen Dir gerne.<\/p>\n\n\n\n<p><strong>Gibt es irgendwelche Voraussetzungen, die ich f\u00fcr eine Mitgliedschaft erf\u00fcllen muss?<\/strong><\/p>\n\n\n\n<p>Du solltest Engagement und Begeisterung f\u00fcr neue Bekanntschaften und Erlebnisse im Sinne von \u201cHelfen-Lernen-Feiern\u201d mitbringen. Mitglied kann jede junge Frau und jeder junge Mann ab 18 Jahren werden.<\/p>\n\n\n\n<p><strong>Wie alt sind Rotaracter?<\/strong><\/p>\n\n\n\n<p>Die Mitglieder eines Rotaract Clubs sind in der Regel zwischen 18 und 32 Jahre alt.<\/p>\n\n\n\n<p><strong>Was ist der erste Schritt?<\/strong><\/p>\n\n\n\n<p>Nimm einfach Kontakt mit uns auf und komm zu unserem n\u00e4chsten Treffen. Als Gast kannst du uns in Ruhe kennenlernen.<\/p>\n\n\n\n<p><strong>Wann trifft sich der Rotaract Club Badisch Sibirien?<\/strong><\/p>\n\n\n\n<p>In der Regel treffen wir uns zu unseren Meetings in einem zweiw\u00f6chigen Rhythmus am Donnerstagabend.<\/p>\n\n\n\n<p><strong>Muss ich regelm\u00e4\u00dfig zu den Treffen kommen?<\/strong><\/p>\n\n\n\n<p>Es besteht nat\u00fcrlich keine Anwesenheitspflicht. Wir finden es aber sch\u00f6n, wenn Du uns als Gast regelm\u00e4\u00dfig besuchst \u2013 nur so k\u00f6nnen wir voneinander Eindr\u00fccke bekommen.<\/p>\n\n\n\n<p><strong>Muss ich mich f\u00fcr die Veranstaltungen an- und abmelden?<\/strong><\/p>\n\n\n\n<p>Das w\u00e4re sehr nett und hilft uns sehr bei der Vorbereitung.<\/p>\n\n\n\n<p><strong>Wann werde ich ein \u201crichtiges\u201d Mitglied?<\/strong><\/p>\n\n\n\n<p>Wir m\u00f6chten jedem Gast die M\u00f6glichkeit geben, uns kennenzulernen und sich in unser Clubleben zu integrieren. Andererseits m\u00f6chten wir uns auch Zeit geben und mehr \u00fcber jedes neues Gesicht erfahren. Es kann also einige Monate dauern, bis du aufgenommen bist.<\/p>\n\n\n\n<div class=\"wp-block-buttons is-layout-flex wp-block-buttons-is-layout-flex\">\n<div class=\"wp-block-button\"><a class=\"wp-block-button__link wp-element-button\" href=\"https:\/\/badischsibirien.rotaract.de\/?page_id=58\">Kontaktformular<\/a><\/div>\n<\/div>\n\n\n\n<p><\/p>\n\n\n\n<figure class=\"wp-block-embed is-type-video is-provider-youtube wp-block-embed-youtube wp-embed-aspect-16-9 wp-has-aspect-ratio\"><div class=\"wp-block-embed__wrapper\">\n<iframe loading=\"lazy\" title=\"Warum wir Ehrenamtsheld*innen sind? | Rotaract Deutschland\" width=\"1200\" height=\"675\" src=\"https:\/\/www.youtube.com\/embed\/hsDqx3EfQKo?feature=oembed\" frameborder=\"0\" allow=\"accelerometer; autoplay; clipboard-write; encrypted-media; gyroscope; picture-in-picture\" allowfullscreen><\/iframe>\n<\/div><\/figure>\n","protected":false},"excerpt":{"rendered":"<p>Wie kann ich Mitglied werden? Du m\u00f6chtest bestimmt wissen, wie eine Aufnahme bei Rotaract genau funktioniert und was Du bei uns erwarten kannst. Wir versuchen hier die h\u00e4ufigsten Fragen rund um eine Mitgliedschaft in unserem Club zu beantworten. Solltest Du weitere Fragen haben,&nbsp;schreib uns eine Nachricht und wir helfen Dir gerne. Gibt es irgendwelche Voraussetzungen, &#8230; <a title=\"Mitgliedschaft\" class=\"read-more\" href=\"https:\/\/badischsibirien.rotaract.de\/?page_id=19\" aria-label=\"Mehr Informationen \u00fcber Mitgliedschaft\">Weiterlesen<\/a><\/p>\n","protected":false},"author":377,"featured_media":0,"parent":0,"menu_order":0,"comment_status":"closed","ping_status":"closed","template":"","meta":{"footnotes":""},"class_list":["post-19","page","type-page","status-publish"],"yoast_head":"<!-- This site is optimized with the Yoast SEO plugin v27.6 - https:\/\/yoast.com\/product\/yoast-seo-wordpress\/ -->\n<title>Mitgliedschaft - Badisch Sibirien<\/title>\n<meta name=\"robots\" content=\"index, follow, max-snippet:-1, max-image-preview:large, max-video-preview:-1\" \/>\n<link rel=\"canonical\" href=\"https:\/\/badischsibirien.rotaract.de\/?page_id=19\" \/>\n<meta property=\"og:locale\" content=\"de_DE\" \/>\n<meta property=\"og:type\" content=\"article\" \/>\n<meta property=\"og:title\" content=\"Mitgliedschaft - Badisch Sibirien\" \/>\n<meta property=\"og:description\" content=\"Wie kann ich Mitglied werden? Du m\u00f6chtest bestimmt wissen, wie eine Aufnahme bei Rotaract genau funktioniert und was Du bei uns erwarten kannst. Wir versuchen hier die h\u00e4ufigsten Fragen rund um eine Mitgliedschaft in unserem Club zu beantworten. Solltest Du weitere Fragen haben,&nbsp;schreib uns eine Nachricht und wir helfen Dir gerne. Gibt es irgendwelche Voraussetzungen, ... Weiterlesen\" \/>\n<meta property=\"og:url\" content=\"https:\/\/badischsibirien.rotaract.de\/?page_id=19\" \/>\n<meta property=\"og:site_name\" content=\"Badisch Sibirien\" \/>\n<meta property=\"article:modified_time\" content=\"2022-11-14T21:28:40+00:00\" \/>\n<meta property=\"og:image\" content=\"https:\/\/badischsibirien.rotaract.de\/wp-content\/uploads\/sites\/382\/2022\/11\/Bild_2022-11-14_222736797.png\" \/>\n<meta name=\"twitter:card\" content=\"summary_large_image\" \/>\n<meta name=\"twitter:label1\" content=\"Gesch\u00e4tzte Lesezeit\" \/>\n\t<meta name=\"twitter:data1\" content=\"1\u00a0Minute\" \/>\n<script type=\"application\/ld+json\" class=\"yoast-schema-graph\">{\"@context\":\"https:\\\/\\\/schema.org\",\"@graph\":[{\"@type\":\"WebPage\",\"@id\":\"https:\\\/\\\/badischsibirien.rotaract.de\\\/?page_id=19\",\"url\":\"https:\\\/\\\/badischsibirien.rotaract.de\\\/?page_id=19\",\"name\":\"Mitgliedschaft - Badisch Sibirien\",\"isPartOf\":{\"@id\":\"https:\\\/\\\/badischsibirien.rotaract.de\\\/#website\"},\"primaryImageOfPage\":{\"@id\":\"https:\\\/\\\/badischsibirien.rotaract.de\\\/?page_id=19#primaryimage\"},\"image\":{\"@id\":\"https:\\\/\\\/badischsibirien.rotaract.de\\\/?page_id=19#primaryimage\"},\"thumbnailUrl\":\"https:\\\/\\\/badischsibirien.rotaract.de\\\/wp-content\\\/uploads\\\/sites\\\/382\\\/2022\\\/11\\\/Bild_2022-11-14_222736797.png\",\"datePublished\":\"2022-11-13T22:11:00+00:00\",\"dateModified\":\"2022-11-14T21:28:40+00:00\",\"breadcrumb\":{\"@id\":\"https:\\\/\\\/badischsibirien.rotaract.de\\\/?page_id=19#breadcrumb\"},\"inLanguage\":\"de\",\"potentialAction\":[{\"@type\":\"ReadAction\",\"target\":[\"https:\\\/\\\/badischsibirien.rotaract.de\\\/?page_id=19\"]}]},{\"@type\":\"ImageObject\",\"inLanguage\":\"de\",\"@id\":\"https:\\\/\\\/badischsibirien.rotaract.de\\\/?page_id=19#primaryimage\",\"url\":\"https:\\\/\\\/badischsibirien.rotaract.de\\\/wp-content\\\/uploads\\\/sites\\\/382\\\/2022\\\/11\\\/Bild_2022-11-14_222736797.png\",\"contentUrl\":\"https:\\\/\\\/badischsibirien.rotaract.de\\\/wp-content\\\/uploads\\\/sites\\\/382\\\/2022\\\/11\\\/Bild_2022-11-14_222736797.png\"},{\"@type\":\"BreadcrumbList\",\"@id\":\"https:\\\/\\\/badischsibirien.rotaract.de\\\/?page_id=19#breadcrumb\",\"itemListElement\":[{\"@type\":\"ListItem\",\"position\":1,\"name\":\"Startseite\",\"item\":\"https:\\\/\\\/badischsibirien.rotaract.de\\\/\"},{\"@type\":\"ListItem\",\"position\":2,\"name\":\"Mitgliedschaft\"}]},{\"@type\":\"WebSite\",\"@id\":\"https:\\\/\\\/badischsibirien.rotaract.de\\\/#website\",\"url\":\"https:\\\/\\\/badischsibirien.rotaract.de\\\/\",\"name\":\"Badisch Sibirien\",\"description\":\"Distrikt 1860\",\"potentialAction\":[{\"@type\":\"SearchAction\",\"target\":{\"@type\":\"EntryPoint\",\"urlTemplate\":\"https:\\\/\\\/badischsibirien.rotaract.de\\\/?s={search_term_string}\"},\"query-input\":{\"@type\":\"PropertyValueSpecification\",\"valueRequired\":true,\"valueName\":\"search_term_string\"}}],\"inLanguage\":\"de\"}]}<\/script>\n<!-- \/ Yoast SEO plugin. -->","yoast_head_json":{"title":"Mitgliedschaft - Badisch Sibirien","robots":{"index":"index","follow":"follow","max-snippet":"max-snippet:-1","max-image-preview":"max-image-preview:large","max-video-preview":"max-video-preview:-1"},"canonical":"https:\/\/badischsibirien.rotaract.de\/?page_id=19","og_locale":"de_DE","og_type":"article","og_title":"Mitgliedschaft - Badisch Sibirien","og_description":"Wie kann ich Mitglied werden? Du m\u00f6chtest bestimmt wissen, wie eine Aufnahme bei Rotaract genau funktioniert und was Du bei uns erwarten kannst. Wir versuchen hier die h\u00e4ufigsten Fragen rund um eine Mitgliedschaft in unserem Club zu beantworten. Solltest Du weitere Fragen haben,&nbsp;schreib uns eine Nachricht und wir helfen Dir gerne. Gibt es irgendwelche Voraussetzungen, ... Weiterlesen","og_url":"https:\/\/badischsibirien.rotaract.de\/?page_id=19","og_site_name":"Badisch Sibirien","article_modified_time":"2022-11-14T21:28:40+00:00","og_image":[{"url":"https:\/\/badischsibirien.rotaract.de\/wp-content\/uploads\/sites\/382\/2022\/11\/Bild_2022-11-14_222736797.png","type":"","width":"","height":""}],"twitter_card":"summary_large_image","twitter_misc":{"Gesch\u00e4tzte Lesezeit":"1\u00a0Minute"},"schema":{"@context":"https:\/\/schema.org","@graph":[{"@type":"WebPage","@id":"https:\/\/badischsibirien.rotaract.de\/?page_id=19","url":"https:\/\/badischsibirien.rotaract.de\/?page_id=19","name":"Mitgliedschaft - Badisch Sibirien","isPartOf":{"@id":"https:\/\/badischsibirien.rotaract.de\/#website"},"primaryImageOfPage":{"@id":"https:\/\/badischsibirien.rotaract.de\/?page_id=19#primaryimage"},"image":{"@id":"https:\/\/badischsibirien.rotaract.de\/?page_id=19#primaryimage"},"thumbnailUrl":"https:\/\/badischsibirien.rotaract.de\/wp-content\/uploads\/sites\/382\/2022\/11\/Bild_2022-11-14_222736797.png","datePublished":"2022-11-13T22:11:00+00:00","dateModified":"2022-11-14T21:28:40+00:00","breadcrumb":{"@id":"https:\/\/badischsibirien.rotaract.de\/?page_id=19#breadcrumb"},"inLanguage":"de","potentialAction":[{"@type":"ReadAction","target":["https:\/\/badischsibirien.rotaract.de\/?page_id=19"]}]},{"@type":"ImageObject","inLanguage":"de","@id":"https:\/\/badischsibirien.rotaract.de\/?page_id=19#primaryimage","url":"https:\/\/badischsibirien.rotaract.de\/wp-content\/uploads\/sites\/382\/2022\/11\/Bild_2022-11-14_222736797.png","contentUrl":"https:\/\/badischsibirien.rotaract.de\/wp-content\/uploads\/sites\/382\/2022\/11\/Bild_2022-11-14_222736797.png"},{"@type":"BreadcrumbList","@id":"https:\/\/badischsibirien.rotaract.de\/?page_id=19#breadcrumb","itemListElement":[{"@type":"ListItem","position":1,"name":"Startseite","item":"https:\/\/badischsibirien.rotaract.de\/"},{"@type":"ListItem","position":2,"name":"Mitgliedschaft"}]},{"@type":"WebSite","@id":"https:\/\/badischsibirien.rotaract.de\/#website","url":"https:\/\/badischsibirien.rotaract.de\/","name":"Badisch Sibirien","description":"Distrikt 1860","potentialAction":[{"@type":"SearchAction","target":{"@type":"EntryPoint","urlTemplate":"https:\/\/badischsibirien.rotaract.de\/?s={search_term_string}"},"query-input":{"@type":"PropertyValueSpecification","valueRequired":true,"valueName":"search_term_string"}}],"inLanguage":"de"}]}},"_links":{"self":[{"href":"https:\/\/badischsibirien.rotaract.de\/index.php?rest_route=\/wp\/v2\/pages\/19","targetHints":{"allow":["GET"]}}],"collection":[{"href":"https:\/\/badischsibirien.rotaract.de\/index.php?rest_route=\/wp\/v2\/pages"}],"about":[{"href":"https:\/\/badischsibirien.rotaract.de\/index.php?rest_route=\/wp\/v2\/types\/page"}],"author":[{"embeddable":true,"href":"https:\/\/badischsibirien.rotaract.de\/index.php?rest_route=\/wp\/v2\/users\/377"}],"replies":[{"embeddable":true,"href":"https:\/\/badischsibirien.rotaract.de\/index.php?rest_route=%2Fwp%2Fv2%2Fcomments&post=19"}],"version-history":[{"count":0,"href":"https:\/\/badischsibirien.rotaract.de\/index.php?rest_route=\/wp\/v2\/pages\/19\/revisions"}],"wp:attachment":[{"href":"https:\/\/badischsibirien.rotaract.de\/index.php?rest_route=%2Fwp%2Fv2%2Fmedia&parent=19"}],"curies":[{"name":"wp","href":"https:\/\/api.w.org\/{rel}","templated":true}]}}